{"id":177,"date":"2024-07-14T15:29:34","date_gmt":"2024-07-14T13:29:34","guid":{"rendered":"https:\/\/choeurpolyphonique.com\/?page_id=177"},"modified":"2024-07-21T19:47:55","modified_gmt":"2024-07-21T17:47:55","slug":"concerts","status":"publish","type":"page","link":"https:\/\/choeurpolyphonique.com\/index.php\/histoire\/concerts\/","title":{"rendered":"Concerts"},"content":{"rendered":"\n<div class=\"wp-block-query is-layout-flow wp-block-query-is-layout-flow\"><ul class=\"wp-block-post-template is-layout-flow wp-block-post-template-is-layout-flow\"><li class=\"wp-block-post post-1 post type-post status-publish format-standard has-post-thumbnail hentry category-annonces category-concerts tag-29 tag-concert tag-cpf tag-faure tag-requiem tag-symphonia\">\n\n<div class=\"wp-block-columns are-vertically-aligned-center is-layout-flex wp-container-core-columns-is-layout-28f84493 wp-block-columns-is-layout-flex\">\n<div class=\"wp-block-column is-vertically-aligned-center is-layout-flow wp-block-column-is-layout-flow\" style=\"flex-basis:25%\"><figure class=\"wp-block-post-featured-image\"><a href=\"https:\/\/choeurpolyphonique.com\/index.php\/2024\/07\/15\/bonjour-tout-le-monde\/\" target=\"_self\"  ><img loading=\"lazy\" decoding=\"async\" width=\"1240\" height=\"1754\" src=\"https:\/\/choeurpolyphonique.com\/wp-content\/uploads\/Communication\/Affiches\/241020-PROJET-AFFICHE-BOEN_b.jpg\" class=\"attachment-post-thumbnail size-post-thumbnail wp-post-image\" alt=\"Concert Requiem de Faur\u00e9 le 20 octobre 2024 \u00e0 Bo\u00ebn et le 24 mai 2025\" style=\"object-fit:cover;\" srcset=\"https:\/\/choeurpolyphonique.com\/wp-content\/uploads\/Communication\/Affiches\/241020-PROJET-AFFICHE-BOEN_b.jpg 1240w, https:\/\/choeurpolyphonique.com\/wp-content\/uploads\/Communication\/Affiches\/241020-PROJET-AFFICHE-BOEN_b-212x300.jpg 212w, https:\/\/choeurpolyphonique.com\/wp-content\/uploads\/Communication\/Affiches\/241020-PROJET-AFFICHE-BOEN_b-724x1024.jpg 724w, https:\/\/choeurpolyphonique.com\/wp-content\/uploads\/Communication\/Affiches\/241020-PROJET-AFFICHE-BOEN_b-768x1086.jpg 768w, https:\/\/choeurpolyphonique.com\/wp-content\/uploads\/Communication\/Affiches\/241020-PROJET-AFFICHE-BOEN_b-1086x1536.jpg 1086w\" sizes=\"auto, (max-width: 1240px) 100vw, 1240px\" \/><\/a><\/figure><\/div>\n\n\n\n<div class=\"wp-block-column is-vertically-aligned-center is-layout-flow wp-block-column-is-layout-flow\" style=\"flex-basis:75%\"><h2 class=\"wp-block-post-title\"><a href=\"https:\/\/choeurpolyphonique.com\/index.php\/2024\/07\/15\/bonjour-tout-le-monde\/\" target=\"_self\" >Concert Requiem de Faur\u00e9 le 20 octobre 2024 \u00e0 Bo\u00ebn et le 24 mai 2025<\/a><\/h2><\/div>\n<\/div>\n\n<\/li><li class=\"wp-block-post post-403 post type-post status-publish format-standard has-post-thumbnail hentry category-concerts tag-champdieu tag-concert tag-cpf tag-faure tag-montbrison tag-renaissance\">\n\n<div class=\"wp-block-columns are-vertically-aligned-center is-layout-flex wp-container-core-columns-is-layout-28f84493 wp-block-columns-is-layout-flex\">\n<div class=\"wp-block-column is-vertically-aligned-center is-layout-flow wp-block-column-is-layout-flow\" style=\"flex-basis:25%\"><figure class=\"wp-block-post-featured-image\"><a href=\"https:\/\/choeurpolyphonique.com\/index.php\/2024\/06\/23\/concerts-voies-interieures-juin-2024\/\" target=\"_self\"  ><img loading=\"lazy\" decoding=\"async\" width=\"424\" height=\"599\" src=\"https:\/\/choeurpolyphonique.com\/wp-content\/uploads\/Communication\/Affiches\/240623_Affiche-e1721583201932.jpg\" class=\"attachment-post-thumbnail size-post-thumbnail wp-post-image\" alt=\"Concerts Voix Int\u00e9rieures (juin 2024)\" style=\"object-fit:cover;\" \/><\/a><\/figure><\/div>\n\n\n\n<div class=\"wp-block-column is-vertically-aligned-center is-layout-flow wp-block-column-is-layout-flow\" style=\"flex-basis:75%\"><h2 class=\"wp-block-post-title\"><a href=\"https:\/\/choeurpolyphonique.com\/index.php\/2024\/06\/23\/concerts-voies-interieures-juin-2024\/\" target=\"_self\" >Concerts Voix Int\u00e9rieures (juin 2024)<\/a><\/h2><\/div>\n<\/div>\n\n<\/li><li class=\"wp-block-post post-189 post type-post status-publish format-standard has-post-thumbnail hentry category-concerts category-histoire tag-43 tag-anniversaire tag-concert tag-cpf tag-messe tag-pcf\">\n\n<div class=\"wp-block-columns are-vertically-aligned-center is-layout-flex wp-container-core-columns-is-layout-28f84493 wp-block-columns-is-layout-flex\">\n<div class=\"wp-block-column is-vertically-aligned-center is-layout-flow wp-block-column-is-layout-flow\" style=\"flex-basis:25%\"><figure class=\"wp-block-post-featured-image\"><a href=\"https:\/\/choeurpolyphonique.com\/index.php\/2017\/09\/23\/50eme-anniversaire\/\" target=\"_self\"  ><img loading=\"lazy\" decoding=\"async\" width=\"454\" height=\"641\" src=\"https:\/\/choeurpolyphonique.com\/wp-content\/uploads\/2024\/01\/TeteChanteur.gif\" class=\"attachment-post-thumbnail size-post-thumbnail wp-post-image\" alt=\"2017 -50\u00e8me anniversaire\" style=\"object-fit:cover;\" \/><\/a><\/figure><\/div>\n\n\n\n<div class=\"wp-block-column is-vertically-aligned-center is-layout-flow wp-block-column-is-layout-flow\" style=\"flex-basis:75%\"><h2 class=\"wp-block-post-title\"><a href=\"https:\/\/choeurpolyphonique.com\/index.php\/2017\/09\/23\/50eme-anniversaire\/\" target=\"_self\" >2017 -50\u00e8me anniversaire<\/a><\/h2><\/div>\n<\/div>\n\n<\/li><li class=\"wp-block-post post-191 post type-post status-publish format-standard has-post-thumbnail hentry category-histoire tag-44 tag-anniversaire tag-concert tag-cpf tag-messe tag-pcf\">\n\n<div class=\"wp-block-columns are-vertically-aligned-center is-layout-flex wp-container-core-columns-is-layout-28f84493 wp-block-columns-is-layout-flex\">\n<div class=\"wp-block-column is-vertically-aligned-center is-layout-flow wp-block-column-is-layout-flow\" style=\"flex-basis:25%\"><figure class=\"wp-block-post-featured-image\"><a href=\"https:\/\/choeurpolyphonique.com\/index.php\/2007\/10\/27\/40eme-anniversaire\/\" target=\"_self\"  ><img loading=\"lazy\" decoding=\"async\" width=\"450\" height=\"337\" src=\"https:\/\/choeurpolyphonique.com\/wp-content\/uploads\/Photos\/40eme\/PCF_40eme_Diana_16.jpg\" class=\"attachment-post-thumbnail size-post-thumbnail wp-post-image\" alt=\"2007 &#8211; 40\u00e8me anniversaire\" style=\"object-fit:cover;\" srcset=\"https:\/\/choeurpolyphonique.com\/wp-content\/uploads\/Photos\/40eme\/PCF_40eme_Diana_16.jpg 450w, https:\/\/choeurpolyphonique.com\/wp-content\/uploads\/Photos\/40eme\/PCF_40eme_Diana_16-300x225.jpg 300w\" sizes=\"auto, (max-width: 450px) 100vw, 450px\" \/><\/a><\/figure><\/div>\n\n\n\n<div class=\"wp-block-column is-vertically-aligned-center is-layout-flow wp-block-column-is-layout-flow\" style=\"flex-basis:75%\"><h2 class=\"wp-block-post-title\"><a href=\"https:\/\/choeurpolyphonique.com\/index.php\/2007\/10\/27\/40eme-anniversaire\/\" target=\"_self\" >2007 &#8211; 40\u00e8me anniversaire<\/a><\/h2><\/div>\n<\/div>\n\n<\/li><\/ul><\/div>\n","protected":false},"excerpt":{"rendered":"","protected":false},"author":1,"featured_media":0,"parent":173,"menu_order":0,"comment_status":"closed","ping_status":"closed","template":"","meta":{"_uag_custom_page_level_css":"","pgc_sgb_lightbox_settings":"","footnotes":""},"class_list":["post-177","page","type-page","status-publish","hentry"],"uagb_featured_image_src":{"full":false,"thumbnail":false,"medium":false,"medium_large":false,"large":false,"1536x1536":false,"2048x2048":false},"uagb_author_info":{"display_name":"Pierre","author_link":"https:\/\/choeurpolyphonique.com\/index.php\/author\/adminpc\/"},"uagb_comment_info":0,"uagb_excerpt":null,"_links":{"self":[{"href":"https:\/\/choeurpolyphonique.com\/index.php\/wp-json\/wp\/v2\/pages\/177","targetHints":{"allow":["GET"]}}],"collection":[{"href":"https:\/\/choeurpolyphonique.com\/index.php\/wp-json\/wp\/v2\/pages"}],"about":[{"href":"https:\/\/choeurpolyphonique.com\/index.php\/wp-json\/wp\/v2\/types\/page"}],"author":[{"embeddable":true,"href":"https:\/\/choeurpolyphonique.com\/index.php\/wp-json\/wp\/v2\/users\/1"}],"replies":[{"embeddable":true,"href":"https:\/\/choeurpolyphonique.com\/index.php\/wp-json\/wp\/v2\/comments?post=177"}],"version-history":[{"count":3,"href":"https:\/\/choeurpolyphonique.com\/index.php\/wp-json\/wp\/v2\/pages\/177\/revisions"}],"predecessor-version":[{"id":425,"href":"https:\/\/choeurpolyphonique.com\/index.php\/wp-json\/wp\/v2\/pages\/177\/revisions\/425"}],"up":[{"embeddable":true,"href":"https:\/\/choeurpolyphonique.com\/index.php\/wp-json\/wp\/v2\/pages\/173"}],"wp:attachment":[{"href":"https:\/\/choeurpolyphonique.com\/index.php\/wp-json\/wp\/v2\/media?parent=177"}],"curies":[{"name":"wp","href":"https:\/\/api.w.org\/{rel}","templated":true}]}}